{"id":288,"date":"2025-09-06T16:12:44","date_gmt":"2025-09-06T19:12:44","guid":{"rendered":"https:\/\/dbk.ind.br\/?page_id=288"},"modified":"2025-10-01T09:55:26","modified_gmt":"2025-10-01T12:55:26","slug":"quem-somos","status":"publish","type":"page","link":"https:\/\/dbk.ind.br\/?page_id=288","title":{"rendered":"Quem Somos"},"content":{"rendered":"\n<h3 class=\"wp-block-heading\">Quem Somos<\/h3>\n\n\n\n<p>A <strong>DBK Metal\u00fargica<\/strong> \u00e9 uma empresa especializada na fabrica\u00e7\u00e3o de <strong>estribos e componentes met\u00e1licos para obras de constru\u00e7\u00e3o civil<\/strong>.<\/p>\n\n\n\n<p>Nascemos de uma necessidade proximo ao polo de jaragua do sul, para atender a necessidade regional, e nacional.<\/p>\n\n\n\n<p>Estamos estrategicamente posicionados entre os polos industriais de Jaragu\u00e1 do Sul e Joinville.<\/p>\n\n\n\n<p> Com experi\u00eancia e compromisso com a qualidade, atendemos engenheiros, construtoras e profissionais aut\u00f4nomos com produtos feitos sob medida, agilidade e confian\u00e7a.<\/p>\n\n\n\n<p>Trabalhamos com <strong>a\u00e7o de alta resist\u00eancia<\/strong>, equipe qualificada e maquin\u00e1rio de ponta para garantir que cada pe\u00e7a entregue esteja dentro dos mais altos padr\u00f5es t\u00e9cnicos.<\/p>\n\n\n\n<p>Nosso objetivo \u00e9 ser o <strong>bra\u00e7o direito de quem constr\u00f3i<\/strong>, entregando <strong>precis\u00e3o, prazo e parceria.<\/strong><\/p>\n\n\n\n<div class=\"wp-block-columns is-layout-flex wp-container-core-columns-is-layout-28f84493 wp-block-columns-is-layout-flex\">\n<div class=\"wp-block-column is-layout-flow wp-block-column-is-layout-flow\" style=\"flex-basis:50%\">\n<figure class=\"wp-block-video\"><video height=\"850\" style=\"aspect-ratio: 478 \/ 850;\" width=\"478\" controls src=\"https:\/\/dbk.ind.br\/wp-content\/uploads\/2025\/09\/Video-do-WhatsApp-de-2025-09-06-as-20.33.36_df0cae70.mp4\"><\/video><\/figure>\n\n\n\n<figure class=\"wp-block-gallery has-nested-images columns-default is-cropped wp-block-gallery-1 is-layout-flex wp-block-gallery-is-layout-flex\"><\/figure>\n<\/div>\n\n\n\n<div class=\"wp-block-column is-layout-flow wp-block-column-is-layout-flow\" style=\"flex-basis:50%\">\n<figure class=\"wp-block-gallery has-nested-images columns-default is-cropped wp-block-gallery-2 is-layout-flex wp-block-gallery-is-layout-flex\">\n<figure class=\"wp-block-image size-large is-style-default\"><img loading=\"lazy\" decoding=\"async\" width=\"1024\" height=\"682\" data-id=\"807\" src=\"https:\/\/dbk.ind.br\/wp-content\/uploads\/2025\/10\/Imagem-do-WhatsApp-de-2025-09-26-as-14.42.33_c459daef-1024x682.jpg\" alt=\"\" class=\"wp-image-807\" srcset=\"https:\/\/dbk.ind.br\/wp-content\/uploads\/2025\/10\/Imagem-do-WhatsApp-de-2025-09-26-as-14.42.33_c459daef-1024x682.jpg 1024w, https:\/\/dbk.ind.br\/wp-content\/uploads\/2025\/10\/Imagem-do-WhatsApp-de-2025-09-26-as-14.42.33_c459daef-300x200.jpg 300w, https:\/\/dbk.ind.br\/wp-content\/uploads\/2025\/10\/Imagem-do-WhatsApp-de-2025-09-26-as-14.42.33_c459daef-768x512.jpg 768w, https:\/\/dbk.ind.br\/wp-content\/uploads\/2025\/10\/Imagem-do-WhatsApp-de-2025-09-26-as-14.42.33_c459daef-600x400.jpg 600w, https:\/\/dbk.ind.br\/wp-content\/uploads\/2025\/10\/Imagem-do-WhatsApp-de-2025-09-26-as-14.42.33_c459daef.jpg 1280w\" sizes=\"auto, (max-width: 1024px) 100vw, 1024px\" \/><\/figure>\n<\/figure>\n\n\n\n<figure class=\"wp-block-gallery has-nested-images columns-default is-cropped wp-block-gallery-3 is-layout-flex wp-block-gallery-is-layout-flex\">\n<figure class=\"wp-block-image size-large\"><img loading=\"lazy\" decoding=\"async\" width=\"500\" height=\"375\" data-id=\"818\" src=\"https:\/\/dbk.ind.br\/wp-content\/uploads\/2025\/10\/Hook-Length-And-Bond-Length-For-Stirrups-edited.jpeg\" alt=\"\" class=\"wp-image-818\" srcset=\"https:\/\/dbk.ind.br\/wp-content\/uploads\/2025\/10\/Hook-Length-And-Bond-Length-For-Stirrups-edited.jpeg 500w, https:\/\/dbk.ind.br\/wp-content\/uploads\/2025\/10\/Hook-Length-And-Bond-Length-For-Stirrups-edited-300x225.jpeg 300w\" sizes=\"auto, (max-width: 500px) 100vw, 500px\" \/><\/figure>\n<\/figure>\n<\/div>\n<\/div>\n\n\n\n<p class=\"has-small-font-size\"><\/p>\n\n\n\n<p><\/p>\n","protected":false},"excerpt":{"rendered":"<p>Quem Somos A DBK Metal\u00fargica \u00e9 uma empresa especializada na fabrica\u00e7\u00e3o de estribos e componentes met\u00e1licos para obras de constru\u00e7\u00e3o [&hellip;]<\/p>\n","protected":false},"author":2,"featured_media":0,"parent":0,"menu_order":0,"comment_status":"closed","ping_status":"closed","template":"","meta":{"site-sidebar-layout":"default","site-content-layout":"","ast-site-content-layout":"default","site-content-style":"default","site-sidebar-style":"default","ast-global-header-display":"","ast-banner-title-visibility":"","ast-main-header-display":"","ast-hfb-above-header-display":"","ast-hfb-below-header-display":"","ast-hfb-mobile-header-display":"","site-post-title":"","ast-breadcrumbs-content":"","ast-featured-img":"","footer-sml-layout":"","theme-transparent-header-meta":"","adv-header-id-meta":"","stick-header-meta":"","header-above-stick-meta":"","header-main-stick-meta":"","header-below-stick-meta":"","astra-migrate-meta-layouts":"default","ast-page-background-enabled":"default","ast-page-background-meta":{"desktop":{"background-color":"var(--ast-global-color-5)","background-image":"","background-repeat":"repeat","background-position":"center center","background-size":"auto","background-attachment":"scroll","background-type":"","background-media":"","overlay-type":"","overlay-color":"","overlay-opacity":"","overlay-gradient":""},"tablet":{"background-color":"","background-image":"","background-repeat":"repeat","background-position":"center center","background-size":"auto","background-attachment":"scroll","background-type":"","background-media":"","overlay-type":"","overlay-color":"","overlay-opacity":"","overlay-gradient":""},"mobile":{"background-color":"","background-image":"","background-repeat":"repeat","background-position":"center center","background-size":"auto","background-attachment":"scroll","background-type":"","background-media":"","overlay-type":"","overlay-color":"","overlay-opacity":"","overlay-gradient":""}},"ast-content-background-meta":{"desktop":{"background-color":"var(--ast-global-color-4)","background-image":"","background-repeat":"repeat","background-position":"center center","background-size":"auto","background-attachment":"scroll","background-type":"","background-media":"","overlay-type":"","overlay-color":"","overlay-opacity":"","overlay-gradient":""},"tablet":{"background-color":"var(--ast-global-color-4)","background-image":"","background-repeat":"repeat","background-position":"center center","background-size":"auto","background-attachment":"scroll","background-type":"","background-media":"","overlay-type":"","overlay-color":"","overlay-opacity":"","overlay-gradient":""},"mobile":{"background-color":"var(--ast-global-color-4)","background-image":"","background-repeat":"repeat","background-position":"center center","background-size":"auto","background-attachment":"scroll","background-type":"","background-media":"","overlay-type":"","overlay-color":"","overlay-opacity":"","overlay-gradient":""}},"footnotes":""},"class_list":["post-288","page","type-page","status-publish","hentry"],"_links":{"self":[{"href":"https:\/\/dbk.ind.br\/index.php?rest_route=\/wp\/v2\/pages\/288","targetHints":{"allow":["GET"]}}],"collection":[{"href":"https:\/\/dbk.ind.br\/index.php?rest_route=\/wp\/v2\/pages"}],"about":[{"href":"https:\/\/dbk.ind.br\/index.php?rest_route=\/wp\/v2\/types\/page"}],"author":[{"embeddable":true,"href":"https:\/\/dbk.ind.br\/index.php?rest_route=\/wp\/v2\/users\/2"}],"replies":[{"embeddable":true,"href":"https:\/\/dbk.ind.br\/index.php?rest_route=%2Fwp%2Fv2%2Fcomments&post=288"}],"version-history":[{"count":8,"href":"https:\/\/dbk.ind.br\/index.php?rest_route=\/wp\/v2\/pages\/288\/revisions"}],"predecessor-version":[{"id":819,"href":"https:\/\/dbk.ind.br\/index.php?rest_route=\/wp\/v2\/pages\/288\/revisions\/819"}],"wp:attachment":[{"href":"https:\/\/dbk.ind.br\/index.php?rest_route=%2Fwp%2Fv2%2Fmedia&parent=288"}],"curies":[{"name":"wp","href":"https:\/\/api.w.org\/{rel}","templated":true}]}}