{"id":3,"date":"2025-09-05T15:21:29","date_gmt":"2025-09-05T18:21:29","guid":{"rendered":"http:\/\/dbk.ind.br\/?page_id=3"},"modified":"2025-09-06T19:35:15","modified_gmt":"2025-09-06T22:35:15","slug":"politica-de-privacidade","status":"publish","type":"page","link":"https:\/\/dbk.ind.br\/?page_id=3","title":{"rendered":"Pol\u00edtica de Privacidade"},"content":{"rendered":"\n<h3 class=\"wp-block-heading\">Pol\u00edtica de Privacidade<\/h3>\n\n\n\n<p>A <strong>DBK Metal\u00fargica<\/strong> respeita sua privacidade. Coletamos apenas os dados necess\u00e1rios para processar pedidos, responder or\u00e7amentos e melhorar sua experi\u00eancia de navega\u00e7\u00e3o.<\/p>\n\n\n\n<p><strong>Quais dados coletamos:<\/strong><\/p>\n\n\n\n<ul class=\"wp-block-list\">\n<li>Nome, e-mail, telefone, endere\u00e7o para envio<\/li>\n\n\n\n<li>Dados de navega\u00e7\u00e3o (cookies, IP)<\/li>\n<\/ul>\n\n\n\n<p><strong>Como usamos esses dados:<\/strong><\/p>\n\n\n\n<ul class=\"wp-block-list\">\n<li>Processar pedidos e entregas<\/li>\n\n\n\n<li>Oferecer suporte t\u00e9cnico e atendimento<\/li>\n\n\n\n<li>Enviar comunica\u00e7\u00f5es, se autorizado<\/li>\n<\/ul>\n\n\n\n<p><strong>Seguran\u00e7a dos dados:<\/strong><br>Seus dados est\u00e3o protegidos com criptografia e n\u00e3o s\u00e3o vendidos ou compartilhados com terceiros, exceto quando necess\u00e1rio para a entrega do produto.<\/p>\n\n\n\n<p>Para d\u00favidas ou solicita\u00e7\u00f5es, entre em contato: contato@dbk.ind.br<\/p>\n\n\n\n<p><\/p>\n","protected":false},"excerpt":{"rendered":"<p>Pol\u00edtica de Privacidade A DBK Metal\u00fargica respeita sua privacidade. Coletamos apenas os dados necess\u00e1rios para processar pedidos, responder or\u00e7amentos e [&hellip;]<\/p>\n","protected":false},"author":1,"featured_media":0,"parent":0,"menu_order":0,"comment_status":"closed","ping_status":"closed","template":"","meta":{"site-sidebar-layout":"default","site-content-layout":"","ast-site-content-layout":"default","site-content-style":"default","site-sidebar-style":"default","ast-global-header-display":"","ast-banner-title-visibility":"","ast-main-header-display":"","ast-hfb-above-header-display":"","ast-hfb-below-header-display":"","ast-hfb-mobile-header-display":"","site-post-title":"","ast-breadcrumbs-content":"","ast-featured-img":"","footer-sml-layout":"","theme-transparent-header-meta":"","adv-header-id-meta":"","stick-header-meta":"","header-above-stick-meta":"","header-main-stick-meta":"","header-below-stick-meta":"","astra-migrate-meta-layouts":"default","ast-page-background-enabled":"default","ast-page-background-meta":{"desktop":{"background-color":"var(--ast-global-color-5)","background-image":"","background-repeat":"repeat","background-position":"center center","background-size":"auto","background-attachment":"scroll","background-type":"","background-media":"","overlay-type":"","overlay-color":"","overlay-opacity":"","overlay-gradient":""},"tablet":{"background-color":"","background-image":"","background-repeat":"repeat","background-position":"center center","background-size":"auto","background-attachment":"scroll","background-type":"","background-media":"","overlay-type":"","overlay-color":"","overlay-opacity":"","overlay-gradient":""},"mobile":{"background-color":"","background-image":"","background-repeat":"repeat","background-position":"center center","background-size":"auto","background-attachment":"scroll","background-type":"","background-media":"","overlay-type":"","overlay-color":"","overlay-opacity":"","overlay-gradient":""}},"ast-content-background-meta":{"desktop":{"background-color":"var(--ast-global-color-4)","background-image":"","background-repeat":"repeat","background-position":"center center","background-size":"auto","background-attachment":"scroll","background-type":"","background-media":"","overlay-type":"","overlay-color":"","overlay-opacity":"","overlay-gradient":""},"tablet":{"background-color":"var(--ast-global-color-4)","background-image":"","background-repeat":"repeat","background-position":"center center","background-size":"auto","background-attachment":"scroll","background-type":"","background-media":"","overlay-type":"","overlay-color":"","overlay-opacity":"","overlay-gradient":""},"mobile":{"background-color":"var(--ast-global-color-4)","background-image":"","background-repeat":"repeat","background-position":"center center","background-size":"auto","background-attachment":"scroll","background-type":"","background-media":"","overlay-type":"","overlay-color":"","overlay-opacity":"","overlay-gradient":""}},"footnotes":""},"class_list":["post-3","page","type-page","status-publish","hentry"],"_links":{"self":[{"href":"https:\/\/dbk.ind.br\/index.php?rest_route=\/wp\/v2\/pages\/3","targetHints":{"allow":["GET"]}}],"collection":[{"href":"https:\/\/dbk.ind.br\/index.php?rest_route=\/wp\/v2\/pages"}],"about":[{"href":"https:\/\/dbk.ind.br\/index.php?rest_route=\/wp\/v2\/types\/page"}],"author":[{"embeddable":true,"href":"https:\/\/dbk.ind.br\/index.php?rest_route=\/wp\/v2\/users\/1"}],"replies":[{"embeddable":true,"href":"https:\/\/dbk.ind.br\/index.php?rest_route=%2Fwp%2Fv2%2Fcomments&post=3"}],"version-history":[{"count":4,"href":"https:\/\/dbk.ind.br\/index.php?rest_route=\/wp\/v2\/pages\/3\/revisions"}],"predecessor-version":[{"id":634,"href":"https:\/\/dbk.ind.br\/index.php?rest_route=\/wp\/v2\/pages\/3\/revisions\/634"}],"wp:attachment":[{"href":"https:\/\/dbk.ind.br\/index.php?rest_route=%2Fwp%2Fv2%2Fmedia&parent=3"}],"curies":[{"name":"wp","href":"https:\/\/api.w.org\/{rel}","templated":true}]}}