{"id":705,"date":"2025-09-08T16:18:23","date_gmt":"2025-09-08T19:18:23","guid":{"rendered":"https:\/\/dbk.ind.br\/?page_id=705"},"modified":"2025-10-01T12:29:01","modified_gmt":"2025-10-01T15:29:01","slug":"inicio","status":"publish","type":"page","link":"https:\/\/dbk.ind.br\/","title":{"rendered":"Seja bem vindo(a) \u00e0 DBK Solu\u00e7\u00f5es"},"content":{"rendered":"\n<div class=\"wp-block-columns is-layout-flex wp-container-core-columns-is-layout-28f84493 wp-block-columns-is-layout-flex\">\n<div class=\"wp-block-column is-layout-flow wp-block-column-is-layout-flow\" style=\"flex-basis:50%\">\n<h3 class=\"wp-block-heading\"><strong>Estribos <\/strong><\/h3>\n\n\n\n<p>Nossos <strong>estribos prontos<\/strong> s\u00e3o produzidos por uma <strong>m\u00e1quina autom\u00e1tica de alta performance<\/strong>, garantindo <strong>padroniza\u00e7\u00e3o<\/strong>, <strong>acabamento impec\u00e1vel<\/strong> e <strong>entrega r\u00e1pida<\/strong> para a sua obra.<\/p>\n\n\n\n<p><br>\u2705 Fabricados com <strong>a\u00e7o de qualidade<\/strong> e medidas precisas<br>\u2705 Atendem \u00e0s <strong>varia\u00e7\u00f5es e exig\u00eancias do mercado<\/strong><br>\u2705 Ideal para <strong>estruturas de concreto armado<\/strong><br>\u2705 Perfeitos para construtoras, ferreiros e profissionais da constru\u00e7\u00e3o<\/p>\n\n\n\n<p>Com nossa produ\u00e7\u00e3o automatizada, oferecemos <strong>mais agilidade<\/strong>, <strong>menor custo<\/strong> e <strong>efici\u00eancia total<\/strong> na entrega dos estribos que voc\u00ea precisa.<\/p>\n\n\n\n<p>\ud83d\udca1 <strong>Garanta j\u00e1 os estribos certos para sua obra com quem entende de qualidade e compromisso!<\/strong><\/p>\n\n\n\n<p><\/p>\n<\/div>\n\n\n\n<div class=\"wp-block-column is-layout-flow wp-block-column-is-layout-flow\" style=\"flex-basis:50%\">\n<figure class=\"wp-block-image aligncenter size-full is-resized\"><a href=\"https:\/\/dbk.ind.br\/?product=estribos-de-aco-dbk-tamanhos-7x7-a-17x27-fios-32-42-50-64-80\"><img loading=\"lazy\" decoding=\"async\" width=\"779\" height=\"500\" src=\"https:\/\/dbk.ind.br\/wp-content\/uploads\/2025\/09\/laminas-y-aceros-estribos-para-obra-construccion-.jpg\" alt=\"\" class=\"wp-image-724\" style=\"width:399px;height:auto\" srcset=\"https:\/\/dbk.ind.br\/wp-content\/uploads\/2025\/09\/laminas-y-aceros-estribos-para-obra-construccion-.jpg 779w, https:\/\/dbk.ind.br\/wp-content\/uploads\/2025\/09\/laminas-y-aceros-estribos-para-obra-construccion--300x193.jpg 300w, https:\/\/dbk.ind.br\/wp-content\/uploads\/2025\/09\/laminas-y-aceros-estribos-para-obra-construccion--768x493.jpg 768w, https:\/\/dbk.ind.br\/wp-content\/uploads\/2025\/09\/laminas-y-aceros-estribos-para-obra-construccion--600x385.jpg 600w\" sizes=\"auto, (max-width: 779px) 100vw, 779px\" \/><\/a><\/figure>\n\n\n\n<figure class=\"wp-block-image aligncenter size-large is-resized\"><a href=\"https:\/\/dbk.ind.br\/?product=estribos-de-aco-dbk-tamanhos-7x7-a-17x27-fios-32-42-50-64-80\"><img loading=\"lazy\" decoding=\"async\" width=\"1024\" height=\"725\" src=\"https:\/\/dbk.ind.br\/wp-content\/uploads\/2025\/09\/PXmlgwyig8h0Gc8O3usIYzIk0ZdoFwNUh4MRd1eS-1024x725.jpg\" alt=\"\n\" class=\"wp-image-727\" style=\"width:394px;height:auto\"\/><\/a><\/figure>\n<\/div>\n<\/div>\n\n\n\n<p class=\"has-text-align-center has-border-color has-ast-global-color-4-border-color has-ast-global-color-4-color has-text-color has-link-color has-x-large-font-size wp-elements-5198a542700a5362a35b761a8a7b66a7\" style=\"border-width:3px;border-radius:100px;padding-top:0;padding-right:var(--wp--preset--spacing--60);padding-bottom:0;padding-left:var(--wp--preset--spacing--60)\">                                                 <strong>Mais vendido<\/strong><\/p>\n\n\n\n\n<div class=\"wp-block-buttons is-content-justification-center is-layout-flex wp-container-core-buttons-is-layout-a89b3969 wp-block-buttons-is-layout-flex wp-elements-f78510bd0673861799f495e7f5f46893\">\n<div class=\"wp-block-button\"><a class=\"wp-block-button__link wp-element-button\" href=\"https:\/\/dbk.ind.br\/?product=estribos-de-aco-dbk-tamanhos-7x7-a-17x27-fios-32-42-50-64-80&amp;attribute_pa_tamanho=7x14&amp;attribute_pa_fio-diametro=42\">Compre agora<\/a><\/div>\n<\/div>\n\n\n\n\n<p><\/p>\n","protected":false},"excerpt":{"rendered":"<p>Estribos Nossos estribos prontos s\u00e3o produzidos por uma m\u00e1quina autom\u00e1tica de alta performance, garantindo padroniza\u00e7\u00e3o, acabamento impec\u00e1vel e entrega r\u00e1pida [&hellip;]<\/p>\n","protected":false},"author":2,"featured_media":0,"parent":0,"menu_order":0,"comment_status":"closed","ping_status":"closed","template":"","meta":{"site-sidebar-layout":"default","site-content-layout":"","ast-site-content-layout":"default","site-content-style":"default","site-sidebar-style":"default","ast-global-header-display":"","ast-banner-title-visibility":"","ast-main-header-display":"","ast-hfb-above-header-display":"","ast-hfb-below-header-display":"","ast-hfb-mobile-header-display":"","site-post-title":"","ast-breadcrumbs-content":"","ast-featured-img":"","footer-sml-layout":"","theme-transparent-header-meta":"","adv-header-id-meta":"","stick-header-meta":"","header-above-stick-meta":"","header-main-stick-meta":"","header-below-stick-meta":"","astra-migrate-meta-layouts":"default","ast-page-background-enabled":"default","ast-page-background-meta":{"desktop":{"background-color":"var(--ast-global-color-5)","background-image":"","background-repeat":"repeat","background-position":"center center","background-size":"auto","background-attachment":"scroll","background-type":"","background-media":"","overlay-type":"","overlay-color":"","overlay-opacity":"","overlay-gradient":""},"tablet":{"background-color":"","background-image":"","background-repeat":"repeat","background-position":"center center","background-size":"auto","background-attachment":"scroll","background-type":"","background-media":"","overlay-type":"","overlay-color":"","overlay-opacity":"","overlay-gradient":""},"mobile":{"background-color":"","background-image":"","background-repeat":"repeat","background-position":"center center","background-size":"auto","background-attachment":"scroll","background-type":"","background-media":"","overlay-type":"","overlay-color":"","overlay-opacity":"","overlay-gradient":""}},"ast-content-background-meta":{"desktop":{"background-color":"var(--ast-global-color-4)","background-image":"","background-repeat":"repeat","background-position":"center center","background-size":"auto","background-attachment":"scroll","background-type":"","background-media":"","overlay-type":"","overlay-color":"","overlay-opacity":"","overlay-gradient":""},"tablet":{"background-color":"var(--ast-global-color-4)","background-image":"","background-repeat":"repeat","background-position":"center center","background-size":"auto","background-attachment":"scroll","background-type":"","background-media":"","overlay-type":"","overlay-color":"","overlay-opacity":"","overlay-gradient":""},"mobile":{"background-color":"var(--ast-global-color-4)","background-image":"","background-repeat":"repeat","background-position":"center center","background-size":"auto","background-attachment":"scroll","background-type":"","background-media":"","overlay-type":"","overlay-color":"","overlay-opacity":"","overlay-gradient":""}},"footnotes":""},"class_list":["post-705","page","type-page","status-publish","hentry"],"_links":{"self":[{"href":"https:\/\/dbk.ind.br\/index.php?rest_route=\/wp\/v2\/pages\/705","targetHints":{"allow":["GET"]}}],"collection":[{"href":"https:\/\/dbk.ind.br\/index.php?rest_route=\/wp\/v2\/pages"}],"about":[{"href":"https:\/\/dbk.ind.br\/index.php?rest_route=\/wp\/v2\/types\/page"}],"author":[{"embeddable":true,"href":"https:\/\/dbk.ind.br\/index.php?rest_route=\/wp\/v2\/users\/2"}],"replies":[{"embeddable":true,"href":"https:\/\/dbk.ind.br\/index.php?rest_route=%2Fwp%2Fv2%2Fcomments&post=705"}],"version-history":[{"count":71,"href":"https:\/\/dbk.ind.br\/index.php?rest_route=\/wp\/v2\/pages\/705\/revisions"}],"predecessor-version":[{"id":836,"href":"https:\/\/dbk.ind.br\/index.php?rest_route=\/wp\/v2\/pages\/705\/revisions\/836"}],"wp:attachment":[{"href":"https:\/\/dbk.ind.br\/index.php?rest_route=%2Fwp%2Fv2%2Fmedia&parent=705"}],"curies":[{"name":"wp","href":"https:\/\/api.w.org\/{rel}","templated":true}]}}